{"id":250,"date":"2025-01-29T08:26:44","date_gmt":"2025-01-29T08:26:44","guid":{"rendered":"http:\/\/cartekniksilkeborg.dk\/?page_id=250"},"modified":"2025-01-29T08:26:44","modified_gmt":"2025-01-29T08:26:44","slug":"250-2","status":"publish","type":"page","link":"http:\/\/cartekniksilkeborg.dk\/?page_id=250","title":{"rendered":""},"content":{"rendered":"\n\t<p><strong>CarTeknik s\u00f8ger udl\u00e6rt mekaniker!<\/strong><\/p>\n<p>Vi har travlt og s\u00f8ger derfor mekanikere til vores hold. Br\u00e6nder du for faget? Og g\u00e5r du op i at levere h\u00f8j kvalitet og god service til kunderne? S\u00e5 er det lige pr\u00e6cis dig, vi mangler!<\/p>\n<p>Om du lige er blevet udl\u00e6rt eller har mange \u00e5rs erfaring spiller ingen rolle hos os. Bare du kan tage fat og har lyst til at v\u00e6re en aktiv del af vores fagligt stolte v\u00e6rkstedshold.<\/p>\n<p>Vi forestiller os, at rollen hurtigt kan udvikle sig, men de daglige opgaver vil bl.a. indeb\u00e6re:<\/p>\nServiceeftersyn<br \/>\nFejlfinding<br \/>\nDiverse reparationer\n<strong>Hvem er Midtjysk Automobiler?:<\/strong><br \/>\nVi er et moderne bilhus beliggende i det nordlige Silkeborg i nye lokaler fra 2022. Det er her, du vil blive en del af et team p\u00e5 12 im\u00f8dekommende kolleger, heraf fire p\u00e5 v\u00e6rkstedet.\n<p>Vi arbejder p\u00e5 tv\u00e6rs af alle bilm\u00e6rker, men arbejder is\u00e6r med tyske m\u00e6rker, herunder Audi, VW og Skoda \u2013 med s\u00e6rligt fokus p\u00e5 elbiler.<\/p>\n<p>Hos os l\u00e6gger vi v\u00e6gt p\u00e5 medarbejdertrivsel med h\u00f8jt til loftet, godt med fart p\u00e5 i hverdagen, en uformel omgangstone og plads til humor.<\/p>\n<strong>Lidt om dig:<\/strong><br \/>\nUdl\u00e6rt mekaniker<br \/>\nDu har k\u00f8rekort (min. B-k\u00f8rekort).<br \/>\nDu er omhyggelig og engageret.<br \/>\nDu har sans for detaljen.<br \/>\nDu er udadvendt og en teamplayer.<br \/>\nDu er m\u00f8destabil og klar p\u00e5 at yde en ekstra indsats, n\u00e5r der er behov.<br \/>\nDu arbejder selvst\u00e6ndigt og struktureret.\n<strong>Vi tilbyder:<\/strong><br \/>\n37 timers arbejdsuge fordelt p\u00e5 fire eller fem dage.<br \/>\nModerne v\u00e6rkstedsfaciliteter fra 2022.<br \/>\nMadordning (frokost og morgenmad).<br \/>\nL\u00f8n efter aftale.<br \/>\nRelevant efteruddannelse<br \/>\nKan du se dig selv i ovenst\u00e5ende, s\u00e5 send en ans\u00f8gning til: mail@cartekniksilkeborg.dk\n<p>Tiltr\u00e6delse hurtigst muligt. Samtaler afholdes l\u00f8bende.<\/p>\n<p>Hvis du har sp\u00f8rgsm\u00e5l til jobbet, s\u00e5 kontakt indehaver, Michael Svellov, p\u00e5 tlf. 8681 5050<\/p>\n<p>Vi gl\u00e6der os til at h\u00f8re fra dig!<\/p>\n","protected":false},"excerpt":{"rendered":"<p>CarTeknik s\u00f8ger udl\u00e6rt mekaniker! Vi har travlt og s\u00f8ger derfor mekanikere til vores hold. Br\u00e6nder du for faget? Og g\u00e5r du op i at levere h\u00f8j kvalitet og god service til kunderne? S\u00e5 er det lige pr\u00e6cis dig, vi mangler! Om du lige er blevet udl\u00e6rt eller har mange \u00e5rs erfaring spiller ingen rolle hos&hellip; <a href=\"http:\/\/cartekniksilkeborg.dk\/?page_id=250\" class=\"more-link\">Continue reading <span class=\"screen-reader-text\"><\/span><\/a><\/p>\n","protected":false},"author":1,"featured_media":0,"parent":0,"menu_order":0,"comment_status":"closed","ping_status":"closed","template":"","meta":[],"_links":{"self":[{"href":"http:\/\/cartekniksilkeborg.dk\/index.php?rest_route=\/wp\/v2\/pages\/250"}],"collection":[{"href":"http:\/\/cartekniksilkeborg.dk\/index.php?rest_route=\/wp\/v2\/pages"}],"about":[{"href":"http:\/\/cartekniksilkeborg.dk\/index.php?rest_route=\/wp\/v2\/types\/page"}],"author":[{"embeddable":true,"href":"http:\/\/cartekniksilkeborg.dk\/index.php?rest_route=\/wp\/v2\/users\/1"}],"replies":[{"embeddable":true,"href":"http:\/\/cartekniksilkeborg.dk\/index.php?rest_route=%2Fwp%2Fv2%2Fcomments&post=250"}],"version-history":[{"count":2,"href":"http:\/\/cartekniksilkeborg.dk\/index.php?rest_route=\/wp\/v2\/pages\/250\/revisions"}],"predecessor-version":[{"id":252,"href":"http:\/\/cartekniksilkeborg.dk\/index.php?rest_route=\/wp\/v2\/pages\/250\/revisions\/252"}],"wp:attachment":[{"href":"http:\/\/cartekniksilkeborg.dk\/index.php?rest_route=%2Fwp%2Fv2%2Fmedia&parent=250"}],"curies":[{"name":"wp","href":"https:\/\/api.w.org\/{rel}","templated":true}]}}