{"id":24,"date":"2019-12-13T15:14:43","date_gmt":"2019-12-13T15:14:43","guid":{"rendered":"http:\/\/cartekniksilkeborg.dk\/?page_id=24"},"modified":"2025-04-01T08:25:02","modified_gmt":"2025-04-01T08:25:02","slug":"24-2","status":"publish","type":"page","link":"http:\/\/cartekniksilkeborg.dk\/?page_id=24","title":{"rendered":""},"content":{"rendered":"\n\t\t\t\t<img decoding=\"async\" loading=\"lazy\" src=\"http:\/\/cartekniksilkeborg.dk\/wp-content\/uploads\/2019\/12\/landrover-1180x435.jpg\" alt=\"landrover 1180x435\" itemprop=\"image\" height=\"435\" width=\"1180\" title=\"landrover 1180x435\" onerror=\"this.style.display='none'\"  \/>\n\t<p>Kontakt os her<\/p>\n\t<strong>Car Teknik Silkeborg ApS<br \/>\nHolmbladsvej 9<br \/>\n8600 Silkeborg<br \/>\nCVR: 37136786\u00a0\u00a0\u00a0\u00a0\u00a0\u00a0\u00a0\u00a0\u00a0\u00a0<\/strong>\n<p>&nbsp;<\/p>\n<p>&nbsp;<\/p>\n\t<strong>Tlf: 86824288<br \/>\nMail: <a href=\"mailto:mail@cartekniksilkeborg.dk\">mail@cartekniksilkeborg.dk<\/a><\/strong><br \/>\nFacebook: Car Teknik Silkeborg\n\t<p><strong>Skal du med p\u00e5 holdet? Tjek vores ledige stillinger ud herunder:<\/p>\n<p>Vi s\u00f8ger lige nu en udl\u00e6rt mekaniker. L\u00e6s mere <a href=\"http:\/\/cartekniksilkeborg.dk\/?page_id=250\" rel=\"noopener\" target=\"_blank\">her<\/a>!<\/strong><\/p>\n\t<iframe loading=\"lazy\" src=\"https:\/\/www.google.com\/maps\/embed?pb=!1m18!1m12!1m3!1d2219.51229399587!2d9.56849271614438!3d56.2001061806754!2m3!1f0!2f0!3f0!3m2!1i1024!2i768!4f13.1!3m3!1m2!1s0x464bf4cf1c96d14b%3A0x542ac7eef3ac274c!2sCar%20Teknik%20Silkeborg%20ApS!5e0!3m2!1sda!2sdk!4v1577366798614!5m2!1sda!2sdk\" width=\"1180\" height=\"300\" frameborder=\"0\" allowfullscreen=\"\"><\/iframe>\n","protected":false},"excerpt":{"rendered":"<p>Kontakt os her Car Teknik Silkeborg ApS Holmbladsvej 9 8600 Silkeborg CVR: 37136786\u00a0\u00a0\u00a0\u00a0\u00a0\u00a0\u00a0\u00a0\u00a0\u00a0 &nbsp; &nbsp; Tlf: 86824288 Mail: mail@cartekniksilkeborg.dk Facebook: Car Teknik Silkeborg Skal du med p\u00e5 holdet? Tjek vores ledige stillinger ud herunder: Vi s\u00f8ger lige nu en udl\u00e6rt mekaniker. L\u00e6s mere her!<\/p>\n","protected":false},"author":1,"featured_media":0,"parent":0,"menu_order":0,"comment_status":"closed","ping_status":"closed","template":"templates\/full-width-page.php","meta":[],"_links":{"self":[{"href":"http:\/\/cartekniksilkeborg.dk\/index.php?rest_route=\/wp\/v2\/pages\/24"}],"collection":[{"href":"http:\/\/cartekniksilkeborg.dk\/index.php?rest_route=\/wp\/v2\/pages"}],"about":[{"href":"http:\/\/cartekniksilkeborg.dk\/index.php?rest_route=\/wp\/v2\/types\/page"}],"author":[{"embeddable":true,"href":"http:\/\/cartekniksilkeborg.dk\/index.php?rest_route=\/wp\/v2\/users\/1"}],"replies":[{"embeddable":true,"href":"http:\/\/cartekniksilkeborg.dk\/index.php?rest_route=%2Fwp%2Fv2%2Fcomments&post=24"}],"version-history":[{"count":26,"href":"http:\/\/cartekniksilkeborg.dk\/index.php?rest_route=\/wp\/v2\/pages\/24\/revisions"}],"predecessor-version":[{"id":259,"href":"http:\/\/cartekniksilkeborg.dk\/index.php?rest_route=\/wp\/v2\/pages\/24\/revisions\/259"}],"wp:attachment":[{"href":"http:\/\/cartekniksilkeborg.dk\/index.php?rest_route=%2Fwp%2Fv2%2Fmedia&parent=24"}],"curies":[{"name":"wp","href":"https:\/\/api.w.org\/{rel}","templated":true}]}}