{"id":22,"date":"2019-12-13T15:14:36","date_gmt":"2019-12-13T15:14:36","guid":{"rendered":"http:\/\/cartekniksilkeborg.dk\/?page_id=22"},"modified":"2025-01-29T08:09:22","modified_gmt":"2025-01-29T08:09:22","slug":"22-2","status":"publish","type":"page","link":"http:\/\/cartekniksilkeborg.dk\/?page_id=22","title":{"rendered":""},"content":{"rendered":"\n<img decoding=\"async\" loading=\"lazy\" src=\"http:\/\/cartekniksilkeborg.dk\/wp-content\/uploads\/2019\/12\/landrover-1180x435.jpg\" alt=\"landrover 1180x435\" itemprop=\"image\" height=\"435\" width=\"1180\" title=\"landrover 1180x435\" onerror=\"this.style.display='none'\">\n\t<p>Hvem er Carteknik?<\/p>\n\t<strong>Carteknik startede i 2015. Vi er i dag vokset til et helt team, som servicerer og reparerer alle bilm\u00e6rker.<br>\nVi benytter kun kvalitetsreservedele.\nSiden 2015 er vi flyttet fra mindre lokaler til et stort, moderne v\u00e6rksted p\u00e5 over 600 kvm. med alt det nyeste udstyr.<br>\nKundekontakten er vigtig for os, og det er vigtigt, at du som kunde f\u00f8ler, at du og din bil er i gode h\u00e6nder.<\/strong>\n<p><strong>Hos os f\u00e5r du ingen ubehagelige overraskelser.<\/strong><\/p>\n","protected":false},"excerpt":{"rendered":"<p>Hvem er Carteknik? Carteknik startede i 2015. Vi er i dag vokset til et helt team, som servicerer og reparerer alle bilm\u00e6rker. Vi benytter kun kvalitetsreservedele. Siden 2015 er vi flyttet fra mindre lokaler til et stort, moderne v\u00e6rksted p\u00e5 over 600 kvm. med alt det nyeste udstyr. Kundekontakten er vigtig for os, og det&hellip; <a href=\"http:\/\/cartekniksilkeborg.dk\/?page_id=22\" class=\"more-link\">Continue reading <span class=\"screen-reader-text\"><\/span><\/a><\/p>\n","protected":false},"author":1,"featured_media":0,"parent":0,"menu_order":0,"comment_status":"closed","ping_status":"closed","template":"templates\/full-width-page.php","meta":[],"_links":{"self":[{"href":"http:\/\/cartekniksilkeborg.dk\/index.php?rest_route=\/wp\/v2\/pages\/22"}],"collection":[{"href":"http:\/\/cartekniksilkeborg.dk\/index.php?rest_route=\/wp\/v2\/pages"}],"about":[{"href":"http:\/\/cartekniksilkeborg.dk\/index.php?rest_route=\/wp\/v2\/types\/page"}],"author":[{"embeddable":true,"href":"http:\/\/cartekniksilkeborg.dk\/index.php?rest_route=\/wp\/v2\/users\/1"}],"replies":[{"embeddable":true,"href":"http:\/\/cartekniksilkeborg.dk\/index.php?rest_route=%2Fwp%2Fv2%2Fcomments&post=22"}],"version-history":[{"count":13,"href":"http:\/\/cartekniksilkeborg.dk\/index.php?rest_route=\/wp\/v2\/pages\/22\/revisions"}],"predecessor-version":[{"id":212,"href":"http:\/\/cartekniksilkeborg.dk\/index.php?rest_route=\/wp\/v2\/pages\/22\/revisions\/212"}],"wp:attachment":[{"href":"http:\/\/cartekniksilkeborg.dk\/index.php?rest_route=%2Fwp%2Fv2%2Fmedia&parent=22"}],"curies":[{"name":"wp","href":"https:\/\/api.w.org\/{rel}","templated":true}]}}